{"id":17,"date":"2023-07-26T14:34:19","date_gmt":"2023-07-26T12:34:19","guid":{"rendered":"https:\/\/pissot.com\/?page_id=17"},"modified":"2026-03-22T12:49:25","modified_gmt":"2026-03-22T11:49:25","slug":"a-propos","status":"publish","type":"page","link":"https:\/\/pissot.com\/index.php\/a-propos\/","title":{"rendered":"A propos"},"content":{"rendered":"\n<figure class=\"wp-block-image aligncenter size-large is-resized\"><img loading=\"lazy\" decoding=\"async\" width=\"1024\" height=\"574\" src=\"https:\/\/pissot.com\/wp-content\/uploads\/2023\/07\/header-background-1024x574.jpg\" alt=\"\" class=\"wp-image-18\" style=\"width:596px;height:auto\" srcset=\"https:\/\/pissot.com\/wp-content\/uploads\/2023\/07\/header-background-1024x574.jpg 1024w, https:\/\/pissot.com\/wp-content\/uploads\/2023\/07\/header-background-300x168.jpg 300w, https:\/\/pissot.com\/wp-content\/uploads\/2023\/07\/header-background-768x431.jpg 768w, https:\/\/pissot.com\/wp-content\/uploads\/2023\/07\/header-background-1536x861.jpg 1536w, https:\/\/pissot.com\/wp-content\/uploads\/2023\/07\/header-background-2048x1148.jpg 2048w\" sizes=\"auto, (max-width: 1024px) 100vw, 1024px\" \/><\/figure>\n\n\n\n<ul class=\"wp-block-social-links is-content-justification-center is-layout-flex wp-container-core-social-links-is-layout-a89b3969 wp-block-social-links-is-layout-flex\"><li class=\"wp-social-link wp-social-link-linkedin  wp-block-social-link\"><a href=\"https:\/\/www.linkedin.com\/in\/stephan-pissot\/\" class=\"wp-block-social-link-anchor\"><svg width=\"24\" height=\"24\" viewBox=\"0 0 24 24\" version=\"1.1\" xmlns=\"http:\/\/www.w3.org\/2000\/svg\" aria-hidden=\"true\" focusable=\"false\"><path d=\"M19.7,3H4.3C3.582,3,3,3.582,3,4.3v15.4C3,20.418,3.582,21,4.3,21h15.4c0.718,0,1.3-0.582,1.3-1.3V4.3 C21,3.582,20.418,3,19.7,3z M8.339,18.338H5.667v-8.59h2.672V18.338z M7.004,8.574c-0.857,0-1.549-0.694-1.549-1.548 c0-0.855,0.691-1.548,1.549-1.548c0.854,0,1.547,0.694,1.547,1.548C8.551,7.881,7.858,8.574,7.004,8.574z M18.339,18.338h-2.669 v-4.177c0-0.996-0.017-2.278-1.387-2.278c-1.389,0-1.601,1.086-1.601,2.206v4.249h-2.667v-8.59h2.559v1.174h0.037 c0.356-0.675,1.227-1.387,2.526-1.387c2.703,0,3.203,1.779,3.203,4.092V18.338z\"><\/path><\/svg><span class=\"wp-block-social-link-label screen-reader-text\">LinkedIn<\/span><\/a><\/li><\/ul>\n\n\n\n<p>Je suis physicien biom\u00e9dical et ing\u00e9nieur, avec un parcours pluridisciplinaire \u00e0 l\u2019interface entre <strong>physique, biologie et innovation en sant\u00e9<\/strong>. Je suis dipl\u00f4m\u00e9 d\u2019une \u00e9cole d\u2019ing\u00e9nieur, titulaire d\u2019un Master en physique et d\u2019un doctorat en ing\u00e9nierie biom\u00e9dicale, au cours duquel j\u2019ai d\u00e9velopp\u00e9 un syst\u00e8me brevet\u00e9 d\u2019imagerie infrarouge multispectrale pour la d\u00e9tection rapide de l\u2019antibior\u00e9sistance, combinant spectroscopie, instrumentation et apprentissage automatique.<\/p>\n\n\n\n<div class=\"wp-block-columns is-layout-flex wp-container-core-columns-is-layout-28f84493 wp-block-columns-is-layout-flex\">\n<div class=\"wp-block-column is-vertically-aligned-center is-layout-flow wp-block-column-is-layout-flow\">\n<figure class=\"wp-block-image size-full\"><img loading=\"lazy\" decoding=\"async\" width=\"800\" height=\"533\" src=\"https:\/\/pissot.com\/wp-content\/uploads\/2026\/03\/1696588742829-edited-1.jpg\" alt=\"\" class=\"wp-image-72\" srcset=\"https:\/\/pissot.com\/wp-content\/uploads\/2026\/03\/1696588742829-edited-1.jpg 800w, https:\/\/pissot.com\/wp-content\/uploads\/2026\/03\/1696588742829-edited-1-300x200.jpg 300w, https:\/\/pissot.com\/wp-content\/uploads\/2026\/03\/1696588742829-edited-1-768x512.jpg 768w\" sizes=\"auto, (max-width: 800px) 100vw, 800px\" \/><\/figure>\n<\/div>\n\n\n\n<div class=\"wp-block-column is-vertically-aligned-center is-layout-flow wp-block-column-is-layout-flow\">\n<p>Mon travail se situe au croisement des <strong>technologies avanc\u00e9es et des applications m\u00e9dicales concr\u00e8tes<\/strong>. J\u2019ai acquis une exp\u00e9rience \u00e0 la fois en recherche et en milieu hospitalier, notamment au CEA et \u00e0 l\u2019AP-HP, o\u00f9 j\u2019ai contribu\u00e9 \u00e0 des projets complexes \u00e0 fort impact dans les domaines de l\u2019ing\u00e9nierie biom\u00e9dicale et des syst\u00e8mes de sant\u00e9.<\/p>\n<\/div>\n<\/div>\n\n\n\n<div class=\"wp-block-columns is-layout-flex wp-container-core-columns-is-layout-28f84493 wp-block-columns-is-layout-flex\">\n<div class=\"wp-block-column is-vertically-aligned-center is-layout-flow wp-block-column-is-layout-flow\">\n<p>Anim\u00e9 par une volont\u00e9 forte de contribuer directement au soin, je me sp\u00e9cialise actuellement en <strong>physique m\u00e9dicale<\/strong>, avec un int\u00e9r\u00eat particulier pour les rayonnements ionisants, l\u2019imagerie et leurs applications cliniques. Mon objectif est de participer au d\u00e9veloppement et \u00e0 l\u2019impl\u00e9mentation s\u00e9curis\u00e9e de technologies am\u00e9liorant le diagnostic, les traitements et la prise en charge des patients.<\/p>\n<\/div>\n\n\n\n<div class=\"wp-block-column is-vertically-aligned-center is-layout-flow wp-block-column-is-layout-flow\">\n<figure class=\"wp-block-image size-full\"><img loading=\"lazy\" decoding=\"async\" width=\"618\" height=\"412\" src=\"https:\/\/pissot.com\/wp-content\/uploads\/2026\/03\/1706746804588-edited-1.jpg\" alt=\"\" class=\"wp-image-71\" srcset=\"https:\/\/pissot.com\/wp-content\/uploads\/2026\/03\/1706746804588-edited-1.jpg 618w, https:\/\/pissot.com\/wp-content\/uploads\/2026\/03\/1706746804588-edited-1-300x200.jpg 300w\" sizes=\"auto, (max-width: 618px) 100vw, 618px\" \/><\/figure>\n<\/div>\n<\/div>\n\n\n\n<p>Je propose un profil combinant :<\/p>\n\n\n\n<ul class=\"wp-block-list\">\n<li><strong>Une expertise technique solide<\/strong> (spectroscopie, imagerie, analyse de donn\u00e9es, instrumentation)<\/li>\n\n\n\n<li><strong>Une grande autonomie et des capacit\u00e9s de pilotage de projets<\/strong> acquises en doctorat<\/li>\n\n\n\n<li><strong>Une approche interdisciplinaire<\/strong>, \u00e0 l\u2019interface entre ing\u00e9nierie, biologie et m\u00e9decine<\/li>\n\n\n\n<li><strong>Une orientation vers l\u2019impact concret<\/strong>, avec une exp\u00e9rience en recherche et en milieu hospitalier<\/li>\n<\/ul>\n\n\n\n<div class=\"wp-block-columns is-layout-flex wp-container-core-columns-is-layout-28f84493 wp-block-columns-is-layout-flex\">\n<div class=\"wp-block-column is-vertically-aligned-center is-layout-flow wp-block-column-is-layout-flow\">\n<figure class=\"wp-block-image size-full\"><img loading=\"lazy\" decoding=\"async\" width=\"800\" height=\"353\" src=\"http:\/\/pissot.com\/wp-content\/uploads\/2026\/03\/1734710964661.jpg\" alt=\"\" class=\"wp-image-64\" srcset=\"https:\/\/pissot.com\/wp-content\/uploads\/2026\/03\/1734710964661.jpg 800w, https:\/\/pissot.com\/wp-content\/uploads\/2026\/03\/1734710964661-300x132.jpg 300w, https:\/\/pissot.com\/wp-content\/uploads\/2026\/03\/1734710964661-768x339.jpg 768w\" sizes=\"auto, (max-width: 800px) 100vw, 800px\" \/><\/figure>\n<\/div>\n\n\n\n<div class=\"wp-block-column is-vertically-aligned-center is-layout-flow wp-block-column-is-layout-flow\">\n<p>Je suis particuli\u00e8rement int\u00e9ress\u00e9 par des opportunit\u00e9s en <strong>physique m\u00e9dicale, imagerie biom\u00e9dicale, radioth\u00e9rapie et recherche translationnelle<\/strong>, ainsi que par des environnements o\u00f9 l\u2019innovation rencontre les applications cliniques.<\/p>\n<\/div>\n<\/div>\n\n\n\n<hr class=\"wp-block-separator has-alpha-channel-opacity\"\/>\n\n\n\n<h2 class=\"wp-block-heading\">Publications :<\/h2>\n\n\n\n<ul class=\"wp-block-list\">\n<li>2026 : <a href=\"https:\/\/conventions.iesf.fr\/convention-connaissances\/travaux\/rapport\" data-type=\"link\" data-id=\"https:\/\/conventions.iesf.fr\/convention-connaissances\/travaux\/rapport\">Rapport de la Convention Scientifique &#8220;De la fabrique de la connaissance \u00e0 leur r\u00e9ception par la soci\u00e9t\u00e9 civile&#8221;<\/a><\/li>\n\n\n\n<li>2025 : <a href=\"https:\/\/patents.google.com\/patent\/US20250210145A1\" data-type=\"link\" data-id=\"https:\/\/patents.google.com\/patent\/US20250210145A1\">Method for determining the resistance of a microorganism to an antimicrobial agent<\/a> (Patent EP4579670A1\/US20250210145A1)<\/li>\n\n\n\n<li>2024 : <a href=\"https:\/\/theses.hal.science\/tel-05164640v1\" data-type=\"link\" data-id=\"https:\/\/theses.hal.science\/tel-05164640v1\">D\u00e9tection rapide de l&#8217;antibioresistance des bact\u00e9ries par imagerie multispectrale infrarouge et marquage isotopique au deut\u00e9rium<\/a> (PhD dissertation)<\/li>\n\n\n\n<li>2024 : <a href=\"https:\/\/doi.org\/10.1117\/12.3001548\" data-type=\"link\" data-id=\"https:\/\/doi.org\/10.1117\/12.3001548\">Antibiotic susceptibility testing by infrared multispectral imaging : identification of optimal wavelengths<\/a><\/li>\n\n\n\n<li>2020 : <a href=\"http:\/\/lup.lub.lu.se\/student-papers\/record\/9024329\">Correcting biological infrared spectroscopy data for atmospheric gases and Mie scattering<\/a> (Master Thesis)<\/li>\n<\/ul>\n\n\n\n<p><\/p>\n","protected":false},"excerpt":{"rendered":"<p>Je suis physicien biom\u00e9dical et ing\u00e9nieur, avec un parcours pluridisciplinaire \u00e0 l\u2019interface entre physique, biologie et innovation en sant\u00e9. Je suis dipl\u00f4m\u00e9 d\u2019une \u00e9cole d\u2019ing\u00e9nieur, titulaire d\u2019un Master en physique et d\u2019un doctorat en ing\u00e9nierie biom\u00e9dicale, au cours duquel j\u2019ai d\u00e9velopp\u00e9 un syst\u00e8me brevet\u00e9 d\u2019imagerie infrarouge multispectrale pour la d\u00e9tection rapide de l\u2019antibior\u00e9sistance, combinant spectroscopie, [&hellip;]<\/p>\n","protected":false},"author":1,"featured_media":0,"parent":0,"menu_order":0,"comment_status":"closed","ping_status":"closed","template":"","meta":{"footnotes":""},"class_list":["post-17","page","type-page","status-publish","hentry"],"_links":{"self":[{"href":"https:\/\/pissot.com\/index.php\/wp-json\/wp\/v2\/pages\/17","targetHints":{"allow":["GET"]}}],"collection":[{"href":"https:\/\/pissot.com\/index.php\/wp-json\/wp\/v2\/pages"}],"about":[{"href":"https:\/\/pissot.com\/index.php\/wp-json\/wp\/v2\/types\/page"}],"author":[{"embeddable":true,"href":"https:\/\/pissot.com\/index.php\/wp-json\/wp\/v2\/users\/1"}],"replies":[{"embeddable":true,"href":"https:\/\/pissot.com\/index.php\/wp-json\/wp\/v2\/comments?post=17"}],"version-history":[{"count":12,"href":"https:\/\/pissot.com\/index.php\/wp-json\/wp\/v2\/pages\/17\/revisions"}],"predecessor-version":[{"id":94,"href":"https:\/\/pissot.com\/index.php\/wp-json\/wp\/v2\/pages\/17\/revisions\/94"}],"wp:attachment":[{"href":"https:\/\/pissot.com\/index.php\/wp-json\/wp\/v2\/media?parent=17"}],"curies":[{"name":"wp","href":"https:\/\/api.w.org\/{rel}","templated":true}]}}